{"id":1336,"date":"2020-03-05T21:10:52","date_gmt":"2020-03-05T21:10:52","guid":{"rendered":"http:\/\/stonehill.eu\/supersoft-disc\/"},"modified":"2025-04-13T14:20:26","modified_gmt":"2025-04-13T14:20:26","slug":"supersoft-disc","status":"publish","type":"page","link":"https:\/\/stonehill.eu\/da\/supersoft-disc\/","title":{"rendered":"SuperSoft Disc"},"content":{"rendered":"<p>[et_pb_section fb_built=&#8221;1&#8243; next_background_color=&#8221;#ffffff&#8221; admin_label=&#8221;Hero&#8221; _builder_version=&#8221;4.0.11&#8243; use_background_color_gradient=&#8221;on&#8221; background_color_gradient_start=&#8221;#283d4b&#8221; background_color_gradient_end=&#8221;rgba(128,103,79,0.5)&#8221; background_color_gradient_direction=&#8221;70deg&#8221; background_color_gradient_overlays_image=&#8221;on&#8221; background_image=&#8221;http:\/\/stonehill.eu\/wp-content\/uploads\/2020\/02\/6Z6A0487-scaled.jpg&#8221; custom_margin=&#8221;|||&#8221; custom_padding=&#8221;6vw||100px||false|false&#8221; bottom_divider_style=&#8221;mountains2&#8243; bottom_divider_repeat=&#8221;0.5x&#8221; bottom_divider_flip=&#8221;horizontal|vertical&#8221;][et_pb_row _builder_version=&#8221;3.25&#8243; custom_margin=&#8221;|740px||auto||&#8221; custom_padding=&#8221;27px|0px|0|0px|false|false&#8221;][et_pb_column type=&#8221;4_4&#8243; _builder_version=&#8221;3.25&#8243; custom_padding=&#8221;|||&#8221; custom_padding__hover=&#8221;|||&#8221;][et_pb_text _builder_version=&#8221;3.27.4&#8243; text_font=&#8221;||||||||&#8221; header_font=&#8221;Josefin Sans|700|||||||&#8221; header_font_size=&#8221;90px&#8221; header_line_height=&#8221;1.4em&#8221; header_2_font=&#8221;Josefin Sans||||||||&#8221; header_2_text_color=&#8221;rgba(255,255,255,0.6)&#8221; header_2_font_size=&#8221;32px&#8221; header_2_line_height=&#8221;1.4em&#8221; background_layout=&#8221;dark&#8221; animation_style=&#8221;slide&#8221; animation_direction=&#8221;right&#8221; animation_intensity_slide=&#8221;4%&#8221; header_font_size_tablet=&#8221;50px&#8221; header_font_size_phone=&#8221;32px&#8221; header_font_size_last_edited=&#8221;on|desktop&#8221; header_2_font_size_tablet=&#8221;&#8221; header_2_font_size_phone=&#8221;24px&#8221; header_2_font_size_last_edited=&#8221;on|phone&#8221;]<\/p>\n<h1>SuperSoft Disc &#8211; PUR<\/h1>\n<p>[\/et_pb_text][\/et_pb_column][\/et_pb_row][\/et_pb_section][et_pb_section fb_built=&#8221;1&#8243; custom_padding_last_edited=&#8221;off|desktop&#8221; admin_label=&#8221;Service&#8221; _builder_version=&#8221;3.22&#8243; custom_padding=&#8221;54px|0px|54px|0px|false|false&#8221;][et_pb_row column_structure=&#8221;1_2,1_2&#8243; _builder_version=&#8221;4.0.11&#8243; custom_margin=&#8221;|auto|-16px|auto||&#8221; locked=&#8221;off&#8221;][et_pb_column type=&#8221;1_2&#8243; _builder_version=&#8221;3.25&#8243; custom_padding=&#8221;|||&#8221; custom_padding__hover=&#8221;|||&#8221;][et_pb_image src=&#8221;http:\/\/stonehill.eu\/wp-content\/uploads\/2020\/03\/SuperSoft-DISC-grey-66&#215;96-surface-hjorne.jpg&#8221; force_fullwidth=&#8221;on&#8221; align_tablet=&#8221;center&#8221; align_phone=&#8221;&#8221; align_last_edited=&#8221;on|desktop&#8221; _builder_version=&#8221;4.0.11&#8243;][\/et_pb_image][\/et_pb_column][et_pb_column type=&#8221;1_2&#8243; _builder_version=&#8221;3.25&#8243; custom_padding=&#8221;|||&#8221; custom_padding__hover=&#8221;|||&#8221;][et_pb_text _builder_version=&#8221;3.27.4&#8243; text_font=&#8221;Open Sans||||||||&#8221; text_font_size=&#8221;18px&#8221; text_line_height=&#8221;1.8em&#8221; header_font=&#8221;||||||||&#8221; header_2_font=&#8221;Josefin Sans|700|||||||&#8221; header_2_font_size=&#8221;32px&#8221; header_2_line_height=&#8221;1.5em&#8221; header_3_font=&#8221;Josefin Sans|700||on|||||&#8221; header_3_text_color=&#8221;rgba(43,51,68,0.2)&#8221; max_width=&#8221;700px&#8221; custom_margin=&#8221;||30px|&#8221; custom_padding=&#8221;|||&#8221; locked=&#8221;off&#8221;]<\/p>\n<h2>Supersoft Disc &#8211; PUR<\/h2>\n<p>SuperSoft DISC giver optimal aflastning til personer med st\u00e5ende\/g\u00e5ende arbejdspositioner, hvor der kr\u00e6ves h\u00f8j bev\u00e6gelighed. Til st\u00e5ende\/g\u00e5ende arbejdspositioner med feks. \u201cdrejende\u201d bev\u00e6gelser.<\/p>\n<p>St\u00f8bt af PUR\/polyuretan som udover permanente elastiske egenskaber ogs\u00e5 et et yderst slidst\u00e6rk gummiagtigt materiale.<\/p>\n<p>De runde skiver\/DISC og materialets h\u00f8je indhold af mirkoskopiske luftceller bevirker, at man ubevist \u201cst\u00e5r dynamisk\u201d og \u201cvipper\u201d p\u00e5 overfladen, hvormed blodcirkulationen stimuleres. Endvidere aflastes led\/bev\u00e6geapparat \u2013 tr\u00e6thed, tunge ben, \u00f8mme f\u00f8dder, smerter i ryg\/led reduceres markant omg\u00e5ende.[\/et_pb_text][et_pb_button button_url=&#8221;http:\/\/stonehill.eu\/da\/kontakt\/&#8221; button_text=&#8221;Kontakt os&#8221; _builder_version=&#8221;4.0.11&#8243; custom_button=&#8221;on&#8221; button_text_size=&#8221;14px&#8221; button_text_color=&#8221;#ffffff&#8221; button_bg_color=&#8221;#546180&#8243; button_border_width=&#8221;14px&#8221; button_border_color=&#8221;rgba(255,255,255,0)&#8221; button_border_radius=&#8221;0px&#8221; button_letter_spacing=&#8221;1px&#8221; button_font=&#8221;Josefin Sans|700||on|||||&#8221; custom_margin=&#8221;|||&#8221; custom_margin_tablet=&#8221;0px||0px|&#8221; custom_margin_phone=&#8221;||0px|&#8221; custom_margin_last_edited=&#8221;off|desktop&#8221; custom_padding=&#8221;|||&#8221; box_shadow_style=&#8221;preset3&#8243; box_shadow_blur=&#8221;30px&#8221; box_shadow_color=&#8221;rgba(0,0,0,0.16)&#8221; button_border_radius_hover=&#8221;0px&#8221; button_letter_spacing_hover=&#8221;1px&#8221; locked=&#8221;off&#8221; button_text_size__hover_enabled=&#8221;off&#8221; button_one_text_size__hover_enabled=&#8221;off&#8221; button_two_text_size__hover_enabled=&#8221;off&#8221; button_text_color__hover_enabled=&#8221;off&#8221; button_one_text_color__hover_enabled=&#8221;off&#8221; button_two_text_color__hover_enabled=&#8221;off&#8221; button_border_width__hover_enabled=&#8221;off&#8221; button_one_border_width__hover_enabled=&#8221;off&#8221; button_two_border_width__hover_enabled=&#8221;off&#8221; button_border_color__hover_enabled=&#8221;off&#8221; button_one_border_color__hover_enabled=&#8221;off&#8221; button_two_border_color__hover_enabled=&#8221;off&#8221; button_border_radius__hover_enabled=&#8221;on&#8221; button_border_radius__hover=&#8221;0px&#8221; button_one_border_radius__hover_enabled=&#8221;off&#8221; button_two_border_radius__hover_enabled=&#8221;off&#8221; button_letter_spacing__hover_enabled=&#8221;on&#8221; button_letter_spacing__hover=&#8221;1px&#8221; button_one_letter_spacing__hover_enabled=&#8221;off&#8221; button_two_letter_spacing__hover_enabled=&#8221;off&#8221; button_bg_color__hover_enabled=&#8221;off&#8221; button_one_bg_color__hover_enabled=&#8221;off&#8221; button_two_bg_color__hover_enabled=&#8221;off&#8221;][\/et_pb_button][\/et_pb_column][\/et_pb_row][\/et_pb_section][et_pb_section fb_built=&#8221;1&#8243; custom_padding_last_edited=&#8221;off|desktop&#8221; admin_label=&#8221;Instructions&#8221; _builder_version=&#8221;4.0.11&#8243; background_color=&#8221;#ffffff&#8221; use_background_color_gradient=&#8221;on&#8221; background_color_gradient_start=&#8221;rgba(252,252,252,0.41)&#8221; background_color_gradient_end=&#8221;rgba(181,181,181,0.68)&#8221; background_color_gradient_type=&#8221;radial&#8221; background_color_gradient_overlays_image=&#8221;on&#8221; background_image=&#8221;http:\/\/stonehill.eu\/wp-content\/uploads\/2020\/02\/SuperSoft-DISC-grey-packing-corner-scaled.jpg&#8221; custom_margin=&#8221;-79px|||||&#8221; custom_padding=&#8221;|||&#8221; custom_padding_phone=&#8221;100px||100px|&#8221; locked=&#8221;off&#8221;][et_pb_row column_structure=&#8221;1_2,1_2&#8243; custom_padding_last_edited=&#8221;off|desktop&#8221; _builder_version=&#8221;4.0.11&#8243; background_color=&#8221;#ffffff&#8221; custom_padding=&#8221;20px|20px|20px|20px|false|false&#8221; custom_padding_phone=&#8221;||20px|&#8221;][et_pb_column type=&#8221;1_2&#8243; _builder_version=&#8221;4.0.11&#8243; custom_padding=&#8221;|||&#8221; custom_padding__hover=&#8221;|||&#8221;][et_pb_text _builder_version=&#8221;4.0.11&#8243; text_font=&#8221;Open Sans||||||||&#8221; text_font_size=&#8221;18px&#8221; text_line_height=&#8221;1.8em&#8221; header_font=&#8221;||||||||&#8221; header_2_font=&#8221;Josefin Sans|700|||||||&#8221; header_2_font_size=&#8221;32px&#8221; header_2_line_height=&#8221;1.5em&#8221; header_3_font=&#8221;Josefin Sans|700||on|||||&#8221; header_3_text_color=&#8221;rgba(43,51,68,0.2)&#8221; max_width=&#8221;700px&#8221; custom_margin=&#8221;||30px|&#8221; custom_padding=&#8221;|||&#8221; locked=&#8221;off&#8221;]<\/p>\n<h2><\/h2>\n<h2><\/h2>\n<h2><\/h2>\n<h2>Typer<\/h2>\n<p>Standard (gr\u00e5)<br \/> ESD \u2013 DIN EN 61340-4-1 \/ 61340-5-1 \/ DIN EN1815 (sort)<br \/> Brandh\u00e6mmende \u2013 DIN EN 4102\/B1 \/ DIN EN13501-1 (gr\u00e5) Kombination B1 + ESD (sort)<\/p>\n<p>&nbsp;<\/p>\n<h2>St\u00f8rrelser<\/h2>\n<p>SuperSoft DISC kan leveres i alle st\u00f8rrelser og efter m\u00e5l. Bare m\u00e5l op!<\/p>\n<p><img loading=\"lazy\" decoding=\"async\" class=\"wp-image-658 alignnone size-medium\" src=\"http:\/\/stonehill.eu\/wp-content\/uploads\/2020\/02\/Supersoft-2-shape-300x97.png\" alt=\"\" width=\"300\" height=\"97\" srcset=\"https:\/\/stonehill.eu\/wp-content\/uploads\/2020\/02\/Supersoft-2-shape-300x97.png 300w, https:\/\/stonehill.eu\/wp-content\/uploads\/2020\/02\/Supersoft-2-shape.png 450w\" sizes=\"auto, (max-width: 300px) 100vw, 300px\" \/><\/p>\n<p>Eksempler \u2013 standard st\u00f8rrelser: 66 x 96 cm, 66 x 141 cm, 66 x 186 cm, 66 x 231 cm, 66 x 276 cm, 66 x 321 cm, 66 x 366 cm, 96 x 66 cm, 96 x 96 cm, 96 x 96 cm, 96 x 126 cm, 96 x156 cm, 96 x 186 cm, 96 x 231 cm, 96 x 246 cm, 96 x 306 cm.<\/p>\n<p>&nbsp;<\/p>\n<p>&nbsp;<\/p>\n<p>[\/et_pb_text][\/et_pb_column][et_pb_column type=&#8221;1_2&#8243; _builder_version=&#8221;3.25&#8243; custom_padding=&#8221;|||&#8221; custom_padding__hover=&#8221;|||&#8221;][et_pb_blurb title=&#8221;Egenskaber&#8221; use_icon=&#8221;on&#8221; font_icon=&#8221;%%202%%&#8221; icon_color=&#8221;#546180&#8243; icon_placement=&#8221;left&#8221; use_icon_font_size=&#8221;on&#8221; icon_font_size=&#8221;30px&#8221; _builder_version=&#8221;4.0.11&#8243; header_font=&#8221;Josefin Sans||on||||||&#8221; header_line_height=&#8221;1.9em&#8221; custom_margin=&#8221;||0px|&#8221; animation_style=&#8221;slide&#8221; animation_direction=&#8221;right&#8221; animation_intensity_slide=&#8221;4%&#8221; animation=&#8221;off&#8221; locked=&#8221;off&#8221;][\/et_pb_blurb][et_pb_toggle title=&#8221;Mere information&#8221; open_toggle_background_color=&#8221;rgba(0,0,0,0)&#8221; closed_toggle_background_color=&#8221;rgba(0,0,0,0)&#8221; icon_color=&#8221;rgba(0,0,0,0.12)&#8221; _builder_version=&#8221;4.0.11&#8243; title_font=&#8221;Josefin Sans||||||||&#8221; title_font_size=&#8221;14px&#8221; body_font=&#8221;||||||||&#8221; body_line_height=&#8221;2em&#8221; custom_margin=&#8221;||36px|48px&#8221; custom_padding=&#8221;0px|0px|6px|0px&#8221; animation_style=&#8221;slide&#8221; animation_direction=&#8221;right&#8221; animation_intensity_slide=&#8221;4%&#8221; border_width_all=&#8221;0px&#8221; border_width_bottom=&#8221;2px&#8221; border_color_bottom=&#8221;rgba(0,0,0,0.12)&#8221; locked=&#8221;off&#8221;]<\/p>\n<ul>\n<li>Superelastisk og slidst\u00e6rkt PUR\/polyuretan<\/li>\n<li>Faste skr\u00e5 kanter p\u00e5 alle sider<\/li>\n<li>Ekstrem h\u00f8j elasticitet og lav friktion ved twist-turns med \u00f816 mm disc<\/li>\n<li>Skridsikker R10, slidst\u00e6rk og holdbar<\/li>\n<li>Permanent elastisk<\/li>\n<\/ul>\n<p>[\/et_pb_toggle][et_pb_blurb title=&#8221;Produktspecifikationer&#8221; use_icon=&#8221;on&#8221; font_icon=&#8221;%%202%%&#8221; icon_color=&#8221;#546180&#8243; icon_placement=&#8221;left&#8221; use_icon_font_size=&#8221;on&#8221; icon_font_size=&#8221;30px&#8221; _builder_version=&#8221;4.0.11&#8243; header_font=&#8221;Josefin Sans||on||||||&#8221; header_line_height=&#8221;1.9em&#8221; custom_margin=&#8221;||0px|&#8221; animation_style=&#8221;slide&#8221; animation_direction=&#8221;right&#8221; animation_intensity_slide=&#8221;4%&#8221; animation=&#8221;off&#8221; locked=&#8221;off&#8221;][\/et_pb_blurb][et_pb_toggle title=&#8221;Mere information&#8221; open_toggle_background_color=&#8221;rgba(0,0,0,0)&#8221; closed_toggle_background_color=&#8221;rgba(0,0,0,0)&#8221; icon_color=&#8221;rgba(0,0,0,0.12)&#8221; _builder_version=&#8221;4.0.11&#8243; title_font=&#8221;Josefin Sans||||||||&#8221; title_font_size=&#8221;14px&#8221; body_font=&#8221;||||||||&#8221; body_line_height=&#8221;2em&#8221; custom_margin=&#8221;||36px|48px&#8221; custom_padding=&#8221;0px|0px|6px|0px&#8221; animation_style=&#8221;slide&#8221; animation_direction=&#8221;right&#8221; animation_intensity_slide=&#8221;4%&#8221; border_width_all=&#8221;0px&#8221; border_width_bottom=&#8221;2px&#8221; border_color_bottom=&#8221;rgba(0,0,0,0.12)&#8221; locked=&#8221;off&#8221;]<\/p>\n<ul>\n<li>Tykkelse: 12 mm<\/li>\n<li>V\u00e6gt: 5,5 kg\/m2<\/li>\n<li>Farve: Gr\u00e5<\/li>\n<li>Overflade: Disc\/skiver \u00f816 mm.<\/li>\n<li>Undersider: Massiv eller sildebensm\u00f8nster<\/li>\n<li>Reng\u00f8ringsvenlig &#8211; st\u00f8vsugning, aft\u00f8rring, spules efter behov.<\/li>\n<\/ul>\n<p>&nbsp;[\/et_pb_toggle][et_pb_blurb title=&#8221;Download brochure&#8221; use_icon=&#8221;on&#8221; font_icon=&#8221;%%202%%&#8221; icon_color=&#8221;#546180&#8243; icon_placement=&#8221;left&#8221; use_icon_font_size=&#8221;on&#8221; icon_font_size=&#8221;30px&#8221; _builder_version=&#8221;4.0.11&#8243; header_font=&#8221;Josefin Sans||on||||||&#8221; header_line_height=&#8221;1.9em&#8221; custom_margin=&#8221;||0px|&#8221; animation_style=&#8221;slide&#8221; animation_direction=&#8221;right&#8221; animation_intensity_slide=&#8221;4%&#8221; animation=&#8221;off&#8221; locked=&#8221;off&#8221;][\/et_pb_blurb][et_pb_toggle title=&#8221;Mere information&#8221; open_toggle_background_color=&#8221;rgba(0,0,0,0)&#8221; closed_toggle_background_color=&#8221;rgba(0,0,0,0)&#8221; icon_color=&#8221;rgba(0,0,0,0.12)&#8221; _builder_version=&#8221;4.0.11&#8243; title_font=&#8221;Josefin Sans||||||||&#8221; title_font_size=&#8221;14px&#8221; body_font=&#8221;||||||||&#8221; body_line_height=&#8221;2em&#8221; custom_margin=&#8221;||36px|48px&#8221; custom_padding=&#8221;0px|0px|6px|0px&#8221; animation_style=&#8221;slide&#8221; animation_direction=&#8221;right&#8221; animation_intensity_slide=&#8221;4%&#8221; border_width_all=&#8221;0px&#8221; border_width_bottom=&#8221;2px&#8221; border_color_bottom=&#8221;rgba(0,0,0,0.12)&#8221; locked=&#8221;off&#8221;]<\/p>\n<p><a href=\"http:\/\/stonehill.eu\/wp-content\/uploads\/2020\/02\/Supersoft.pdf\" target=\"_blank\" rel=\"noopener noreferrer\">Super Soft<\/a><\/p>\n<p>[\/et_pb_toggle][et_pb_image src=&#8221;http:\/\/stonehill.eu\/wp-content\/uploads\/2020\/02\/Supersoft-disc.jpg&#8221; _builder_version=&#8221;4.0.11&#8243; width=&#8221;47%&#8221; module_alignment=&#8221;center&#8221;][\/et_pb_image][\/et_pb_column][\/et_pb_row][et_pb_row column_structure=&#8221;1_3,1_3,1_3&#8243; _builder_version=&#8221;4.0.11&#8243; background_color=&#8221;#ffffff&#8221; custom_padding=&#8221;20px|20px|20px|20px|false|false&#8221;][et_pb_column type=&#8221;1_3&#8243; _builder_version=&#8221;3.25&#8243; custom_padding=&#8221;|||&#8221; custom_padding__hover=&#8221;|||&#8221;][et_pb_image src=&#8221;http:\/\/stonehill.eu\/wp-content\/uploads\/2020\/02\/Packing-line-SS-Disc.jpg&#8221; force_fullwidth=&#8221;on&#8221; align_tablet=&#8221;center&#8221; align_phone=&#8221;&#8221; align_last_edited=&#8221;on|desktop&#8221; _builder_version=&#8221;4.0.11&#8243; animation_style=&#8221;fold&#8221; animation_direction=&#8221;right&#8221; animation_intensity_fold=&#8221;20%&#8221; animation=&#8221;off&#8221;][\/et_pb_image][\/et_pb_column][et_pb_column type=&#8221;1_3&#8243; _builder_version=&#8221;3.25&#8243; custom_padding=&#8221;|||&#8221; custom_padding__hover=&#8221;|||&#8221;][et_pb_image src=&#8221;http:\/\/stonehill.eu\/wp-content\/uploads\/2020\/02\/SuperSoft-DISC-solid-underside-6696-scaled.jpg&#8221; force_fullwidth=&#8221;on&#8221; align_tablet=&#8221;center&#8221; align_phone=&#8221;&#8221; align_last_edited=&#8221;on|desktop&#8221; _builder_version=&#8221;4.0.11&#8243; animation_style=&#8221;fold&#8221; animation_direction=&#8221;left&#8221; animation_delay=&#8221;100ms&#8221; animation_intensity_fold=&#8221;20%&#8221; animation=&#8221;off&#8221;][\/et_pb_image][\/et_pb_column][et_pb_column type=&#8221;1_3&#8243; _builder_version=&#8221;3.25&#8243; custom_padding=&#8221;|||&#8221; custom_padding__hover=&#8221;|||&#8221;][et_pb_image src=&#8221;http:\/\/stonehill.eu\/wp-content\/uploads\/2020\/02\/SuperSoft-DISC-grey-packing-corner-scaled.jpg&#8221; force_fullwidth=&#8221;on&#8221; align_tablet=&#8221;center&#8221; align_phone=&#8221;&#8221; align_last_edited=&#8221;on|desktop&#8221; _builder_version=&#8221;4.0.11&#8243; animation_style=&#8221;fold&#8221; animation_direction=&#8221;left&#8221; animation_delay=&#8221;100ms&#8221; animation_intensity_fold=&#8221;20%&#8221; animation=&#8221;off&#8221; locked=&#8221;off&#8221;][\/et_pb_image][\/et_pb_column][\/et_pb_row][\/et_pb_section]<\/p>\n","protected":false},"excerpt":{"rendered":"<p>[et_pb_section fb_built=&#8221;1&#8243; next_background_color=&#8221;#ffffff&#8221; admin_label=&#8221;Hero&#8221; _builder_version=&#8221;4.0.11&#8243; use_background_color_gradient=&#8221;on&#8221; background_color_gradient_start=&#8221;#283d4b&#8221; background_color_gradient_end=&#8221;rgba(128,103,79,0.5)&#8221; background_color_gradient_direction=&#8221;70deg&#8221; background_color_gradient_overlays_image=&#8221;on&#8221; background_image=&#8221;http:\/\/stonehill.eu\/wp-content\/uploads\/2020\/02\/6Z6A0487-scaled.jpg&#8221; custom_margin=&#8221;|||&#8221; custom_padding=&#8221;6vw||100px||false|false&#8221; bottom_divider_style=&#8221;mountains2&#8243; bottom_divider_repeat=&#8221;0.5x&#8221; bottom_divider_flip=&#8221;horizontal|vertical&#8221;][et_pb_row _builder_version=&#8221;3.25&#8243; custom_margin=&#8221;|740px||auto||&#8221; custom_padding=&#8221;27px|0px|0|0px|false|false&#8221;][et_pb_column type=&#8221;4_4&#8243; _builder_version=&#8221;3.25&#8243; custom_padding=&#8221;|||&#8221; custom_padding__hover=&#8221;|||&#8221;][et_pb_text _builder_version=&#8221;3.27.4&#8243; text_font=&#8221;||||||||&#8221; header_font=&#8221;Josefin Sans|700|||||||&#8221; header_font_size=&#8221;90px&#8221; header_line_height=&#8221;1.4em&#8221; header_2_font=&#8221;Josefin Sans||||||||&#8221; header_2_text_color=&#8221;rgba(255,255,255,0.6)&#8221; header_2_font_size=&#8221;32px&#8221; header_2_line_height=&#8221;1.4em&#8221; background_layout=&#8221;dark&#8221; animation_style=&#8221;slide&#8221; animation_direction=&#8221;right&#8221; animation_intensity_slide=&#8221;4%&#8221; header_font_size_tablet=&#8221;50px&#8221; header_font_size_phone=&#8221;32px&#8221; header_font_size_last_edited=&#8221;on|desktop&#8221; header_2_font_size_tablet=&#8221;&#8221; header_2_font_size_phone=&#8221;24px&#8221; header_2_font_size_last_edited=&#8221;on|phone&#8221;] SuperSoft Disc &#8211; PUR [\/et_pb_text][\/et_pb_column][\/et_pb_row][\/et_pb_section][et_pb_section fb_built=&#8221;1&#8243; custom_padding_last_edited=&#8221;off|desktop&#8221; admin_label=&#8221;Service&#8221; _builder_version=&#8221;3.22&#8243; custom_padding=&#8221;54px|0px|54px|0px|false|false&#8221;][et_pb_row column_structure=&#8221;1_2,1_2&#8243; [&hellip;]<\/p>\n","protected":false},"author":1,"featured_media":0,"parent":0,"menu_order":0,"comment_status":"closed","ping_status":"closed","template":"","meta":{"_et_pb_use_builder":"on","_et_pb_old_content":"<!-- wp:divi\/placeholder \/-->","footnotes":""},"class_list":["post-1336","page","type-page","status-publish","hentry"],"_links":{"self":[{"href":"https:\/\/stonehill.eu\/da\/wp-json\/wp\/v2\/pages\/1336","targetHints":{"allow":["GET"]}}],"collection":[{"href":"https:\/\/stonehill.eu\/da\/wp-json\/wp\/v2\/pages"}],"about":[{"href":"https:\/\/stonehill.eu\/da\/wp-json\/wp\/v2\/types\/page"}],"author":[{"embeddable":true,"href":"https:\/\/stonehill.eu\/da\/wp-json\/wp\/v2\/users\/1"}],"replies":[{"embeddable":true,"href":"https:\/\/stonehill.eu\/da\/wp-json\/wp\/v2\/comments?post=1336"}],"version-history":[{"count":13,"href":"https:\/\/stonehill.eu\/da\/wp-json\/wp\/v2\/pages\/1336\/revisions"}],"predecessor-version":[{"id":2408,"href":"https:\/\/stonehill.eu\/da\/wp-json\/wp\/v2\/pages\/1336\/revisions\/2408"}],"wp:attachment":[{"href":"https:\/\/stonehill.eu\/da\/wp-json\/wp\/v2\/media?parent=1336"}],"curies":[{"name":"wp","href":"https:\/\/api.w.org\/{rel}","templated":true}]}}