{"id":2194,"date":"2020-03-22T09:08:31","date_gmt":"2020-03-22T09:08:31","guid":{"rendered":"http:\/\/stonehill.eu\/?post_type=product&#038;p=2194"},"modified":"2020-03-22T09:11:03","modified_gmt":"2020-03-22T09:11:03","slug":"superstrong-afstandsmarkering-ensfarvet-gul-gul-sort-60cm","status":"publish","type":"product","link":"http:\/\/stonehill.eu\/da\/vare\/superstrong-afstandsmarkering-ensfarvet-gul-gul-sort-60cm\/","title":{"rendered":"SuperStrong Afstandsmarkering &#8211; Ensfarvet gul &#8211; Gul\/sort &#8211; 5x60cm"},"content":{"rendered":"<ul>\n<li>SuperStrong afstandsmarkeringer \u2013 til gulve indend\u00f8rs<\/li>\n<li>Tykkelse 1,3 mm<\/li>\n<li>Slidst\u00e6rk, brudst\u00e6rk, kraftig<\/li>\n<li>Pakke med 10 stk a 5&#215;60 cm<\/li>\n<li>Ensfarvet Gul eller stribet Gul\/Sort<\/li>\n<\/ul>\n","protected":false},"excerpt":{"rendered":"<p>SuperStrong afstandsmarkeringer \u2013 til gulve indend\u00f8rs Tykkelse 1,3 mm Slidst\u00e6rk, brudst\u00e6rk, kraftig Pakke med 10 stk a 5&#215;60 cm Ensfarvet Gul eller stribet Gul\/Sort<\/p>\n","protected":false},"featured_media":2112,"template":"","meta":{"_et_pb_use_builder":"","_et_pb_old_content":""},"product_brand":[],"product_cat":[41],"product_tag":[],"class_list":{"0":"post-2194","1":"product","2":"type-product","3":"status-publish","4":"has-post-thumbnail","6":"product_cat-distancemarkings-for-floors","8":"first","9":"instock","10":"shipping-taxable","11":"product-type-simple"},"_links":{"self":[{"href":"http:\/\/stonehill.eu\/da\/wp-json\/wp\/v2\/product\/2194","targetHints":{"allow":["GET"]}}],"collection":[{"href":"http:\/\/stonehill.eu\/da\/wp-json\/wp\/v2\/product"}],"about":[{"href":"http:\/\/stonehill.eu\/da\/wp-json\/wp\/v2\/types\/product"}],"wp:featuredmedia":[{"embeddable":true,"href":"http:\/\/stonehill.eu\/da\/wp-json\/wp\/v2\/media\/2112"}],"wp:attachment":[{"href":"http:\/\/stonehill.eu\/da\/wp-json\/wp\/v2\/media?parent=2194"}],"wp:term":[{"taxonomy":"product_brand","embeddable":true,"href":"http:\/\/stonehill.eu\/da\/wp-json\/wp\/v2\/product_brand?post=2194"},{"taxonomy":"product_cat","embeddable":true,"href":"http:\/\/stonehill.eu\/da\/wp-json\/wp\/v2\/product_cat?post=2194"},{"taxonomy":"product_tag","embeddable":true,"href":"http:\/\/stonehill.eu\/da\/wp-json\/wp\/v2\/product_tag?post=2194"}],"curies":[{"name":"wp","href":"https:\/\/api.w.org\/{rel}","templated":true}]}}