{"id":2144,"date":"2020-03-21T19:38:30","date_gmt":"2020-03-21T19:38:30","guid":{"rendered":"http:\/\/stonehill.eu\/?post_type=product&#038;p=2144"},"modified":"2020-03-22T08:34:17","modified_gmt":"2020-03-22T08:34:17","slug":"standard-tape-afstandsmarkering-gul-sort-30m","status":"publish","type":"product","link":"http:\/\/stonehill.eu\/da\/vare\/standard-tape-afstandsmarkering-gul-sort-30m\/","title":{"rendered":"Standard Tape Afstandsmarkering Gul\/Sort 30m"},"content":{"rendered":"<p>Standard ruller gulvafm\u00e6rkningstape<\/p>\n<ul>\n<li>0,2 mm tykkelse<\/li>\n<li>L\u00f8bende udskiftning m\u00e5 p\u00e5regnes<\/li>\n<li>Til gulv<\/li>\n<\/ul>\n","protected":false},"excerpt":{"rendered":"<p>Standard ruller gulvafm\u00e6rkningstape<\/p>\n<ul>\n<li>0,2 mm tykkelse<\/li>\n<li>L\u00f8bende udskiftning m\u00e5 p\u00e5regnes<\/li>\n<li>Til gulv<\/li>\n<\/ul>\n","protected":false},"featured_media":2121,"template":"","meta":{"_et_pb_use_builder":"","_et_pb_old_content":""},"product_brand":[],"product_cat":[51],"product_tag":[],"class_list":{"0":"post-2144","1":"product","2":"type-product","3":"status-publish","4":"has-post-thumbnail","6":"product_cat-standard-gulvafmaerkning","8":"first","9":"instock","10":"shipping-taxable","11":"product-type-simple"},"_links":{"self":[{"href":"http:\/\/stonehill.eu\/da\/wp-json\/wp\/v2\/product\/2144","targetHints":{"allow":["GET"]}}],"collection":[{"href":"http:\/\/stonehill.eu\/da\/wp-json\/wp\/v2\/product"}],"about":[{"href":"http:\/\/stonehill.eu\/da\/wp-json\/wp\/v2\/types\/product"}],"wp:featuredmedia":[{"embeddable":true,"href":"http:\/\/stonehill.eu\/da\/wp-json\/wp\/v2\/media\/2121"}],"wp:attachment":[{"href":"http:\/\/stonehill.eu\/da\/wp-json\/wp\/v2\/media?parent=2144"}],"wp:term":[{"taxonomy":"product_brand","embeddable":true,"href":"http:\/\/stonehill.eu\/da\/wp-json\/wp\/v2\/product_brand?post=2144"},{"taxonomy":"product_cat","embeddable":true,"href":"http:\/\/stonehill.eu\/da\/wp-json\/wp\/v2\/product_cat?post=2144"},{"taxonomy":"product_tag","embeddable":true,"href":"http:\/\/stonehill.eu\/da\/wp-json\/wp\/v2\/product_tag?post=2144"}],"curies":[{"name":"wp","href":"https:\/\/api.w.org\/{rel}","templated":true}]}}