{"id":2038,"date":"2020-03-21T15:53:18","date_gmt":"2020-03-21T15:53:18","guid":{"rendered":"http:\/\/stonehill.eu\/?post_type=product&#038;p=2038"},"modified":"2020-03-21T19:11:54","modified_gmt":"2020-03-21T19:11:54","slug":"afstandsmarkering-hold-afstand-rod-hvid-5x60cm","status":"publish","type":"product","link":"http:\/\/stonehill.eu\/da\/vare\/afstandsmarkering-hold-afstand-rod-hvid-5x60cm\/","title":{"rendered":"Afstandsmarkering &#8211; HOLD AFSTAND &#8211; R\u00f8d\/hvid &#8211; 5x60cm"},"content":{"rendered":"<ul>\n<li>SuperStrong afstandsmarkeringer &#8211; til gulve indend\u00f8rs<\/li>\n<li>Tykkelse 0,5 mm<\/li>\n<li>Slidst\u00e6rk, brudst\u00e6rk, kraftig<\/li>\n<\/ul>\n","protected":false},"excerpt":{"rendered":"<p>SuperStrong afstandsmarkeringer &#8211; til gulve indend\u00f8rs Tykkelse 0,5 mm Slidst\u00e6rk, brudst\u00e6rk, kraftig<\/p>\n","protected":false},"featured_media":2105,"template":"","meta":{"_et_pb_use_builder":"","_et_pb_old_content":""},"product_brand":[],"product_cat":[41],"product_tag":[43,35,36,44],"class_list":{"0":"post-2038","1":"product","2":"type-product","3":"status-publish","4":"has-post-thumbnail","6":"product_cat-distancemarkings-for-floors","7":"product_tag-afstandsmarkering","8":"product_tag-corona","9":"product_tag-covid-19","10":"product_tag-gulvskilte","12":"first","13":"instock","14":"shipping-taxable","15":"product-type-simple"},"_links":{"self":[{"href":"http:\/\/stonehill.eu\/da\/wp-json\/wp\/v2\/product\/2038","targetHints":{"allow":["GET"]}}],"collection":[{"href":"http:\/\/stonehill.eu\/da\/wp-json\/wp\/v2\/product"}],"about":[{"href":"http:\/\/stonehill.eu\/da\/wp-json\/wp\/v2\/types\/product"}],"wp:featuredmedia":[{"embeddable":true,"href":"http:\/\/stonehill.eu\/da\/wp-json\/wp\/v2\/media\/2105"}],"wp:attachment":[{"href":"http:\/\/stonehill.eu\/da\/wp-json\/wp\/v2\/media?parent=2038"}],"wp:term":[{"taxonomy":"product_brand","embeddable":true,"href":"http:\/\/stonehill.eu\/da\/wp-json\/wp\/v2\/product_brand?post=2038"},{"taxonomy":"product_cat","embeddable":true,"href":"http:\/\/stonehill.eu\/da\/wp-json\/wp\/v2\/product_cat?post=2038"},{"taxonomy":"product_tag","embeddable":true,"href":"http:\/\/stonehill.eu\/da\/wp-json\/wp\/v2\/product_tag?post=2038"}],"curies":[{"name":"wp","href":"https:\/\/api.w.org\/{rel}","templated":true}]}}