{"id":1997,"date":"2020-03-21T14:50:47","date_gmt":"2020-03-21T14:50:47","guid":{"rendered":"http:\/\/stonehill.eu\/?post_type=product&#038;p=1997"},"modified":"2020-03-21T16:42:01","modified_gmt":"2020-03-21T16:42:01","slug":"huskhaandsprit-o20-cm-vindue-og-vaegskilt","status":"publish","type":"product","link":"http:\/\/stonehill.eu\/da\/vare\/huskhaandsprit-o20-cm-vindue-og-vaegskilt\/","title":{"rendered":"HUSK H\u00c5NDSPRITTEN! \u00f820 cm &#8211; Vindue og V\u00e6gskilt"},"content":{"rendered":"<ul>\n<li>Optimal til v\u00e6gge\/glas\/metal<\/li>\n<li>Tykkelse 0,1 mm<\/li>\n<li>Standard \u2013 folie<\/li>\n<li>10 stk pr pakke<\/li>\n<\/ul>\n","protected":false},"excerpt":{"rendered":"<p>Optimal til v\u00e6gge\/glas\/metal Tykkelse 0,1 mm Standard \u2013 folie 10 stk pr pakke<\/p>\n","protected":false},"featured_media":1920,"template":"","meta":{"_et_pb_use_builder":"","_et_pb_old_content":""},"product_brand":[],"product_cat":[34,40],"product_tag":[38,35,36,37],"class_list":{"0":"post-1997","1":"product","2":"type-product","3":"status-publish","4":"has-post-thumbnail","6":"product_cat-signsandstickers","7":"product_cat-wall-stickers","8":"product_tag-advarselsskilt","9":"product_tag-corona","10":"product_tag-covid-19","11":"product_tag-pandemi","13":"first","14":"instock","15":"shipping-taxable","16":"product-type-simple"},"_links":{"self":[{"href":"http:\/\/stonehill.eu\/da\/wp-json\/wp\/v2\/product\/1997","targetHints":{"allow":["GET"]}}],"collection":[{"href":"http:\/\/stonehill.eu\/da\/wp-json\/wp\/v2\/product"}],"about":[{"href":"http:\/\/stonehill.eu\/da\/wp-json\/wp\/v2\/types\/product"}],"wp:featuredmedia":[{"embeddable":true,"href":"http:\/\/stonehill.eu\/da\/wp-json\/wp\/v2\/media\/1920"}],"wp:attachment":[{"href":"http:\/\/stonehill.eu\/da\/wp-json\/wp\/v2\/media?parent=1997"}],"wp:term":[{"taxonomy":"product_brand","embeddable":true,"href":"http:\/\/stonehill.eu\/da\/wp-json\/wp\/v2\/product_brand?post=1997"},{"taxonomy":"product_cat","embeddable":true,"href":"http:\/\/stonehill.eu\/da\/wp-json\/wp\/v2\/product_cat?post=1997"},{"taxonomy":"product_tag","embeddable":true,"href":"http:\/\/stonehill.eu\/da\/wp-json\/wp\/v2\/product_tag?post=1997"}],"curies":[{"name":"wp","href":"https:\/\/api.w.org\/{rel}","templated":true}]}}