{"id":1550,"date":"2020-03-07T13:37:55","date_gmt":"2020-03-07T13:37:55","guid":{"rendered":"http:\/\/stonehill.eu\/nitrile-boble\/"},"modified":"2025-04-13T14:25:55","modified_gmt":"2025-04-13T14:25:55","slug":"nitrile-boble","status":"publish","type":"page","link":"http:\/\/stonehill.eu\/da\/nitrile-boble\/","title":{"rendered":"Nitrile Boble"},"content":{"rendered":"<p>[et_pb_section fb_built=&#8221;1&#8243; next_background_color=&#8221;#edeff4&#8243; admin_label=&#8221;Hero&#8221; _builder_version=&#8221;4.0.11&#8243; use_background_color_gradient=&#8221;on&#8221; background_color_gradient_start=&#8221;#283d4b&#8221; background_color_gradient_end=&#8221;rgba(128,103,79,0.5)&#8221; background_color_gradient_direction=&#8221;70deg&#8221; background_color_gradient_overlays_image=&#8221;on&#8221; background_image=&#8221;http:\/\/stonehill.eu\/wp-content\/uploads\/2020\/03\/6Z6A0452-scaled.jpg&#8221; min_height=&#8221;610px&#8221; custom_margin=&#8221;||-1.5%|||&#8221; custom_padding=&#8221;1vw||65px|||&#8221; bottom_divider_style=&#8221;mountains2&#8243; bottom_divider_height=&#8221;20vw&#8221; bottom_divider_repeat=&#8221;0.5x&#8221; bottom_divider_flip=&#8221;horizontal|vertical&#8221;][et_pb_row _builder_version=&#8221;3.25&#8243; custom_margin=&#8221;|||&#8221; custom_padding=&#8221;27px|0px|0|0px|false|false&#8221;][et_pb_column type=&#8221;4_4&#8243; _builder_version=&#8221;3.25&#8243; custom_padding=&#8221;|||&#8221; custom_padding__hover=&#8221;|||&#8221;][et_pb_text _builder_version=&#8221;3.27.4&#8243; text_font=&#8221;||||||||&#8221; header_font=&#8221;Josefin Sans|700|||||||&#8221; header_font_size=&#8221;90px&#8221; header_line_height=&#8221;1.4em&#8221; header_2_font=&#8221;Josefin Sans||||||||&#8221; header_2_text_color=&#8221;rgba(255,255,255,0.6)&#8221; header_2_font_size=&#8221;32px&#8221; header_2_line_height=&#8221;1.4em&#8221; background_layout=&#8221;dark&#8221; animation_style=&#8221;slide&#8221; animation_direction=&#8221;right&#8221; animation_intensity_slide=&#8221;4%&#8221; header_font_size_tablet=&#8221;50px&#8221; header_font_size_phone=&#8221;32px&#8221; header_font_size_last_edited=&#8221;on|desktop&#8221; header_2_font_size_tablet=&#8221;&#8221; header_2_font_size_phone=&#8221;24px&#8221; header_2_font_size_last_edited=&#8221;on|phone&#8221;]<\/p>\n<h1>Nitrile Boble<\/h1>\n<p>[\/et_pb_text][\/et_pb_column][\/et_pb_row][\/et_pb_section][et_pb_section fb_built=&#8221;1&#8243; custom_padding_last_edited=&#8221;off|desktop&#8221; admin_label=&#8221;Service&#8221; _builder_version=&#8221;3.22&#8243; background_color=&#8221;#edeff4&#8243; custom_margin=&#8221;||-17px|||&#8221; custom_padding=&#8221;0px|||||&#8221;][et_pb_row column_structure=&#8221;1_2,1_2&#8243; _builder_version=&#8221;3.25&#8243; custom_margin=&#8221;-37px|auto||auto||&#8221; custom_padding=&#8221;47px|||||&#8221;][et_pb_column type=&#8221;1_2&#8243; _builder_version=&#8221;3.25&#8243; custom_padding=&#8221;|||&#8221; custom_padding__hover=&#8221;|||&#8221;][et_pb_image src=&#8221;http:\/\/stonehill.eu\/wp-content\/uploads\/2020\/03\/6Z6A0454-Edit-png.png&#8221; align_tablet=&#8221;center&#8221; align_phone=&#8221;&#8221; align_last_edited=&#8221;on|desktop&#8221; _builder_version=&#8221;4.0.11&#8243;][\/et_pb_image][et_pb_text _builder_version=&#8221;4.0.11&#8243; text_font=&#8221;Open Sans||||||||&#8221; text_font_size=&#8221;18px&#8221; text_line_height=&#8221;1.8em&#8221; header_font=&#8221;||||||||&#8221; header_2_font=&#8221;Josefin Sans|700|||||||&#8221; header_2_font_size=&#8221;22px&#8221; header_2_line_height=&#8221;1.4em&#8221; header_3_font=&#8221;|||on|||||&#8221; header_3_text_color=&#8221;rgba(43,51,68,0.2)&#8221; min_height=&#8221;599px&#8221; custom_margin=&#8221;|||&#8221; custom_padding=&#8221;|||&#8221; header_2_font_size_phone=&#8221;20px&#8221; header_2_font_size_last_edited=&#8221;off|desktop&#8221; header_2_line_height_tablet=&#8221;1.4em&#8221; header_2_line_height_last_edited=&#8221;off|desktop&#8221; locked=&#8221;off&#8221;]<\/p>\n<h2>Nitrile Boble<\/h2>\n<p>Nitrilgummi boblem\u00e5tten har god st\u00e5komfort og en h\u00f8j aflastende effekt. Nitril Boble er st\u00f8bt af ren 100% nitrilgummiblanding &#8211; ingen recycle andele. Aflastningsm\u00e5tten t\u00e5ler de fleste industrielle olier, kemikalier, fedtstoffer og reng\u00f8ringsmidler.<br \/> En ergonomisk m\u00e5tte med en overflade som giver god st\u00f8tte og anti-slip friktion i v\u00e5de og glatte omr\u00e5der i b\u00e5de metal- og f\u00f8devareindustrien. Undersidens luftkamre suger sig fast til glatte gulve og alle kanter er skr\u00e5 og mindsker snublerisikoen.<\/p>\n<p>Alle st\u00f8rrelser og m\u00e5l kan laves. Bare m\u00e5l op!<\/p>\n<p>Eksempler &#8211; standardst\u00f8rrelser: 62 x 92 cm, 62 x 137 cm, 62 x 182 cm, 62 x 227 cm, 62 x 272 cm, 62 x 317 cm, 62 x 362 cm,<br \/> 92 x 62 cm, 92 x 92 cm, 92 x 122 cm, 92 x 152 cm, 92 x 182 cm, 92 x 212 cm, 92 x 242 cm, 92 x 302 cm<\/p>\n<p> Venligst foresp\u00f8rg p\u00e5 pr\u00f8vem\u00e5tte ved s\u00e6rligt udsatte omr\u00e5der med hydraulik, sk\u00e6reolie mv. &#8211; s\u00e5 afpr\u00f8vning lokalt kan foretages.<\/p>\n<p>&nbsp;<\/p>\n<p>&nbsp;<\/p>\n<p>[\/et_pb_text][et_pb_image src=&#8221;http:\/\/stonehill.eu\/wp-content\/uploads\/2020\/03\/CNC-bubble-nbr.jpg&#8221; align_tablet=&#8221;center&#8221; align_phone=&#8221;&#8221; align_last_edited=&#8221;on|desktop&#8221; _builder_version=&#8221;4.0.11&#8243;][\/et_pb_image][\/et_pb_column][et_pb_column type=&#8221;1_2&#8243; _builder_version=&#8221;3.25&#8243; custom_padding=&#8221;|||&#8221; custom_padding__hover=&#8221;|||&#8221;][et_pb_blurb title=&#8221;Typer&#8221; use_icon=&#8221;on&#8221; font_icon=&#8221;%%202%%&#8221; icon_color=&#8221;#546180&#8243; icon_placement=&#8221;left&#8221; use_icon_font_size=&#8221;on&#8221; icon_font_size=&#8221;30px&#8221; _builder_version=&#8221;4.0.11&#8243; header_font=&#8221;Josefin Sans||on||||||&#8221; header_line_height=&#8221;1.9em&#8221; custom_margin=&#8221;||0px|&#8221; animation_style=&#8221;slide&#8221; animation_direction=&#8221;right&#8221; animation_intensity_slide=&#8221;4%&#8221; animation=&#8221;off&#8221; locked=&#8221;off&#8221;][\/et_pb_blurb][et_pb_toggle title=&#8221;Mere information&#8221; open_toggle_background_color=&#8221;rgba(0,0,0,0)&#8221; closed_toggle_background_color=&#8221;rgba(0,0,0,0)&#8221; icon_color=&#8221;rgba(0,0,0,0.12)&#8221; _builder_version=&#8221;4.0.11&#8243; title_font=&#8221;Josefin Sans||||||||&#8221; title_font_size=&#8221;14px&#8221; body_font=&#8221;||||||||&#8221; body_line_height=&#8221;2em&#8221; custom_margin=&#8221;||36px|48px&#8221; custom_padding=&#8221;0px|0px|6px|0px&#8221; animation_style=&#8221;slide&#8221; animation_direction=&#8221;right&#8221; animation_intensity_slide=&#8221;4%&#8221; border_width_all=&#8221;0px&#8221; border_width_bottom=&#8221;2px&#8221; border_color_bottom=&#8221;rgba(0,0,0,0.12)&#8221; locked=&#8221;off&#8221;]<\/p>\n<ul>\n<li>Sort nitrilgummi &#8211; t\u00e5ler de fleste industrielle olier og kemikalier<\/li>\n<li>Option &#8211; sort nitrilgummi ESD.<\/li>\n<li>Elastisk \/ skridsikker overside boble design<\/li>\n<li>Fastsugende stabiliserende luftkammer underside<\/li>\n<\/ul>\n<p>[\/et_pb_toggle][et_pb_blurb title=&#8221;Egenskaber&#8221; use_icon=&#8221;on&#8221; font_icon=&#8221;%%202%%&#8221; icon_color=&#8221;#546180&#8243; icon_placement=&#8221;left&#8221; use_icon_font_size=&#8221;on&#8221; icon_font_size=&#8221;30px&#8221; _builder_version=&#8221;4.0.11&#8243; header_font=&#8221;Josefin Sans||on||||||&#8221; header_line_height=&#8221;1.9em&#8221; custom_margin=&#8221;||0px|&#8221; animation_style=&#8221;slide&#8221; animation_direction=&#8221;right&#8221; animation_intensity_slide=&#8221;4%&#8221; animation=&#8221;off&#8221; locked=&#8221;off&#8221;][\/et_pb_blurb][et_pb_toggle title=&#8221;Mere information&#8221; open_toggle_background_color=&#8221;rgba(0,0,0,0)&#8221; closed_toggle_background_color=&#8221;rgba(0,0,0,0)&#8221; icon_color=&#8221;rgba(0,0,0,0.12)&#8221; _builder_version=&#8221;4.0.11&#8243; title_font=&#8221;Josefin Sans||||||||&#8221; title_font_size=&#8221;14px&#8221; body_font=&#8221;||||||||&#8221; body_line_height=&#8221;2em&#8221; custom_margin=&#8221;||36px|48px&#8221; custom_padding=&#8221;0px|0px|6px|0px&#8221; animation_style=&#8221;slide&#8221; animation_direction=&#8221;right&#8221; animation_intensity_slide=&#8221;4%&#8221; border_width_all=&#8221;0px&#8221; border_width_bottom=&#8221;2px&#8221; border_color_bottom=&#8221;rgba(0,0,0,0.12)&#8221; locked=&#8221;off&#8221;]<\/p>\n<ul>\n<li>Elastisk solid und slidst\u00e6rkt nitrilgummi arbejdsm\u00e5tte<\/li>\n<li>Oliebestandig &#8211; 100% nitrilgummiblanding &#8211; ingen recycle andele<\/li>\n<li>Faste skr\u00e5 kanter p\u00e5 alle sider mindsker snublerisiko<\/li>\n<li>H\u00f8j st\u00e5komfort. H\u00f8j skridsikkerhed.<\/li>\n<li>Luftkammer (airpockets) stabiliserende underside<\/li>\n<\/ul>\n<p>[\/et_pb_toggle][et_pb_blurb title=&#8221;Produktspecifikationer&#8221; use_icon=&#8221;on&#8221; font_icon=&#8221;%%202%%&#8221; icon_color=&#8221;#546180&#8243; icon_placement=&#8221;left&#8221; use_icon_font_size=&#8221;on&#8221; icon_font_size=&#8221;30px&#8221; _builder_version=&#8221;4.0.11&#8243; header_font=&#8221;Josefin Sans||on||||||&#8221; header_line_height=&#8221;1.9em&#8221; custom_margin=&#8221;||0px|&#8221; animation_style=&#8221;slide&#8221; animation_direction=&#8221;right&#8221; animation_intensity_slide=&#8221;4%&#8221; animation=&#8221;off&#8221; locked=&#8221;off&#8221;][\/et_pb_blurb][et_pb_toggle title=&#8221;Mere information&#8221; open_toggle_background_color=&#8221;rgba(0,0,0,0)&#8221; closed_toggle_background_color=&#8221;rgba(0,0,0,0)&#8221; icon_color=&#8221;rgba(0,0,0,0.12)&#8221; _builder_version=&#8221;4.0.11&#8243; title_font=&#8221;Josefin Sans||||||||&#8221; title_font_size=&#8221;14px&#8221; body_font=&#8221;||||||||&#8221; body_line_height=&#8221;2em&#8221; custom_margin=&#8221;||36px|48px&#8221; custom_padding=&#8221;0px|0px|6px|0px&#8221; animation_style=&#8221;slide&#8221; animation_direction=&#8221;right&#8221; animation_intensity_slide=&#8221;4%&#8221; hover_enabled=&#8221;0&#8243; border_width_all=&#8221;0px&#8221; border_width_bottom=&#8221;2px&#8221; border_color_bottom=&#8221;rgba(0,0,0,0.12)&#8221; locked=&#8221;off&#8221;]<\/p>\n<ul>\n<li>Tykkelse: 12 mm (Boble)<\/li>\n<li>V\u00e6gt: 7 kg\/m2<\/li>\n<li>Farve: Sort<\/li>\n<li>Overflade: Ergonomisk \/ Anti-slip (Boble)<\/li>\n<li>Underside: Airpockets \/luftkammer profil<\/li>\n<li>Kanter: Faste skr\u00e5 kanter p\u00e5 alle sider<\/li>\n<li>Option med massiv underside ved overk\u00f8rsel med truck, paller og tungt materiale.<\/li>\n<li>Option &#8211; high grade nitrilgummi i ESD.<\/li>\n<\/ul>\n<p>[\/et_pb_toggle][et_pb_blurb title=&#8221;Download brochure&#8221; use_icon=&#8221;on&#8221; font_icon=&#8221;%%202%%&#8221; icon_color=&#8221;#546180&#8243; icon_placement=&#8221;left&#8221; use_icon_font_size=&#8221;on&#8221; icon_font_size=&#8221;30px&#8221; _builder_version=&#8221;4.0.11&#8243; header_font=&#8221;Josefin Sans||on||||||&#8221; header_line_height=&#8221;1.9em&#8221; custom_margin=&#8221;||0px|&#8221; animation_style=&#8221;slide&#8221; animation_direction=&#8221;right&#8221; animation_intensity_slide=&#8221;4%&#8221; animation=&#8221;off&#8221; locked=&#8221;off&#8221;][\/et_pb_blurb][et_pb_toggle title=&#8221;Mere information&#8221; open_toggle_background_color=&#8221;rgba(0,0,0,0)&#8221; closed_toggle_background_color=&#8221;rgba(0,0,0,0)&#8221; icon_color=&#8221;rgba(0,0,0,0.12)&#8221; _builder_version=&#8221;4.0.11&#8243; title_font=&#8221;Josefin Sans||||||||&#8221; title_font_size=&#8221;14px&#8221; body_font=&#8221;||||||||&#8221; body_line_height=&#8221;2em&#8221; custom_margin=&#8221;||36px|48px&#8221; custom_padding=&#8221;0px|0px|6px|0px&#8221; animation_style=&#8221;slide&#8221; animation_direction=&#8221;right&#8221; animation_intensity_slide=&#8221;4%&#8221; border_width_all=&#8221;0px&#8221; border_width_bottom=&#8221;2px&#8221; border_color_bottom=&#8221;rgba(0,0,0,0.12)&#8221; locked=&#8221;off&#8221;]<\/p>\n<p><a href=\"http:\/\/stonehill.eu\/wp-content\/uploads\/2020\/02\/Nitrile-Stand-and-Walk.pdf\" rel=\"attachment wp-att-421\">Nitrile Stand<\/a><\/p>\n<p>[\/et_pb_toggle][et_pb_image src=&#8221;http:\/\/stonehill.eu\/wp-content\/uploads\/2020\/03\/Nitrile-Stand-corner-png.png&#8221; _builder_version=&#8221;4.0.11&#8243;][\/et_pb_image][\/et_pb_column][\/et_pb_row][\/et_pb_section]<\/p>\n","protected":false},"excerpt":{"rendered":"<p>[et_pb_section fb_built=&#8221;1&#8243; next_background_color=&#8221;#edeff4&#8243; admin_label=&#8221;Hero&#8221; _builder_version=&#8221;4.0.11&#8243; use_background_color_gradient=&#8221;on&#8221; background_color_gradient_start=&#8221;#283d4b&#8221; background_color_gradient_end=&#8221;rgba(128,103,79,0.5)&#8221; background_color_gradient_direction=&#8221;70deg&#8221; background_color_gradient_overlays_image=&#8221;on&#8221; background_image=&#8221;http:\/\/stonehill.eu\/wp-content\/uploads\/2020\/03\/6Z6A0452-scaled.jpg&#8221; min_height=&#8221;610px&#8221; custom_margin=&#8221;||-1.5%|||&#8221; custom_padding=&#8221;1vw||65px|||&#8221; bottom_divider_style=&#8221;mountains2&#8243; bottom_divider_height=&#8221;20vw&#8221; bottom_divider_repeat=&#8221;0.5x&#8221; bottom_divider_flip=&#8221;horizontal|vertical&#8221;][et_pb_row _builder_version=&#8221;3.25&#8243; custom_margin=&#8221;|||&#8221; custom_padding=&#8221;27px|0px|0|0px|false|false&#8221;][et_pb_column type=&#8221;4_4&#8243; _builder_version=&#8221;3.25&#8243; custom_padding=&#8221;|||&#8221; custom_padding__hover=&#8221;|||&#8221;][et_pb_text _builder_version=&#8221;3.27.4&#8243; text_font=&#8221;||||||||&#8221; header_font=&#8221;Josefin Sans|700|||||||&#8221; header_font_size=&#8221;90px&#8221; header_line_height=&#8221;1.4em&#8221; header_2_font=&#8221;Josefin Sans||||||||&#8221; header_2_text_color=&#8221;rgba(255,255,255,0.6)&#8221; header_2_font_size=&#8221;32px&#8221; header_2_line_height=&#8221;1.4em&#8221; background_layout=&#8221;dark&#8221; animation_style=&#8221;slide&#8221; animation_direction=&#8221;right&#8221; animation_intensity_slide=&#8221;4%&#8221; header_font_size_tablet=&#8221;50px&#8221; header_font_size_phone=&#8221;32px&#8221; header_font_size_last_edited=&#8221;on|desktop&#8221; header_2_font_size_tablet=&#8221;&#8221; header_2_font_size_phone=&#8221;24px&#8221; header_2_font_size_last_edited=&#8221;on|phone&#8221;] Nitrile Boble [\/et_pb_text][\/et_pb_column][\/et_pb_row][\/et_pb_section][et_pb_section fb_built=&#8221;1&#8243; custom_padding_last_edited=&#8221;off|desktop&#8221; admin_label=&#8221;Service&#8221; _builder_version=&#8221;3.22&#8243; background_color=&#8221;#edeff4&#8243; custom_margin=&#8221;||-17px|||&#8221; [&hellip;]<\/p>\n","protected":false},"author":1,"featured_media":0,"parent":0,"menu_order":0,"comment_status":"closed","ping_status":"closed","template":"","meta":{"_et_pb_use_builder":"on","_et_pb_old_content":"","footnotes":""},"class_list":["post-1550","page","type-page","status-publish","hentry"],"_links":{"self":[{"href":"http:\/\/stonehill.eu\/da\/wp-json\/wp\/v2\/pages\/1550","targetHints":{"allow":["GET"]}}],"collection":[{"href":"http:\/\/stonehill.eu\/da\/wp-json\/wp\/v2\/pages"}],"about":[{"href":"http:\/\/stonehill.eu\/da\/wp-json\/wp\/v2\/types\/page"}],"author":[{"embeddable":true,"href":"http:\/\/stonehill.eu\/da\/wp-json\/wp\/v2\/users\/1"}],"replies":[{"embeddable":true,"href":"http:\/\/stonehill.eu\/da\/wp-json\/wp\/v2\/comments?post=1550"}],"version-history":[{"count":7,"href":"http:\/\/stonehill.eu\/da\/wp-json\/wp\/v2\/pages\/1550\/revisions"}],"predecessor-version":[{"id":2416,"href":"http:\/\/stonehill.eu\/da\/wp-json\/wp\/v2\/pages\/1550\/revisions\/2416"}],"wp:attachment":[{"href":"http:\/\/stonehill.eu\/da\/wp-json\/wp\/v2\/media?parent=1550"}],"curies":[{"name":"wp","href":"https:\/\/api.w.org\/{rel}","templated":true}]}}